{"id":2233,"date":"2014-04-24T16:45:16","date_gmt":"2014-04-24T14:45:16","guid":{"rendered":"http:\/\/toensberg.sawah.mobi\/?page_id=2026"},"modified":"2019-11-22T08:09:02","modified_gmt":"2019-11-22T07:09:02","slug":"der-naturpark-2-2","status":"publish","type":"page","link":"https:\/\/karst.sawah.mobi\/?page_id=2233","title":{"rendered":"Naturpark Teutoburger Wald \/ Eggegebirge"},"content":{"rendered":"<p>Namengebend f\u00fcr den <a href=\"http:\/\/www.naturpark-teutoburgerwald.de\/\">Naturpark<\/a> im Nordosten Nordrhein-Westfalens sind die beiden Mittelgebirgsz\u00fcge Teutoburger Wald und Eggegebirge. Dar\u00fcber hinaus liegen das Lippische Bergland, das Oberw\u00e4lder Land, die Warburger B\u00f6rde, Teile der Senne und der Karstlandschaft der Paderborner Hochfl\u00e4che im Naturpark. Die landschaftliche Vielfalt bedingt einen gro\u00dfen Reichtum an Natur- und Lebensr\u00e4umen.<\/p>\n<p>Die unterschiedlichen geologischen Formationen sind Basis f\u00fcr eine vielseitige Vegetation. Dominant sind verschiedene Buchenwaldtypen. Auf Muschelkalk und Kreide gibt es artenreiche Waldmeister-, Waldgersten- oder Orchideenbuchenw\u00e4lder. Der artenarme Hainsimsen Buchenwald beherrscht als typischer Hallenwald das Landschaftsbild auf Sandstein. Auf einigen Standorten im Eggegebirge und im Teutoburger Wald nimmt die Fichte gro\u00dfe Fl\u00e4chen ein. \u00d6stlich der Gebirge finden sich Trocken- und Magerrasen mit einer \u00fcberaus artenreichen Flora. Teutoburger Wald und Eggegebirge sind Wetterescheiden. Die an den H\u00e4ngen der Gebirgsz\u00fcge entspringen Quellen und Flie\u00dfgew\u00e4sser m\u00fcnden \u00fcber die Weser, die Ems oder den Rhein in die Meere. Moorvorkommen finden sich noch am Westrand der Gebirge.<\/p>\n<p>Zu dem attraktiven Landschaftsbild des Naturparks geh\u00f6ren aber auch die vielen Heilb\u00e4der, die historischen Stadt- und Ortskerne, die gro\u00dfe Dichte an Schl\u00f6ssern, Burgen und Parks und die geschichtstr\u00e4chtigen Klostergem\u00e4uer.<\/p>\n","protected":false},"excerpt":{"rendered":"<p>Namengebend f\u00fcr den Naturpark im Nordosten Nordrhein-Westfalens sind die beiden Mittelgebirgsz\u00fcge Teutoburger Wald und Eggegebirge. Dar\u00fcber hinaus liegen das Lippische Bergland, das Oberw\u00e4lder Land, die Warburger B\u00f6rde, Teile der Senne und der Karstlandschaft der Paderborner Hochfl\u00e4che im Naturpark. Die landschaftliche Vielfalt bedingt einen gro\u00dfen Reichtum an Natur- und Lebensr\u00e4umen. Die unterschiedlichen geologischen Formationen sind Basis [&hellip;]<\/p>\n","protected":false},"author":1,"featured_media":0,"parent":0,"menu_order":0,"comment_status":"open","ping_status":"closed","template":"","meta":{"ngg_post_thumbnail":0},"_links":{"self":[{"href":"https:\/\/karst.sawah.mobi\/index.php?rest_route=\/wp\/v2\/pages\/2233"}],"collection":[{"href":"https:\/\/karst.sawah.mobi\/index.php?rest_route=\/wp\/v2\/pages"}],"about":[{"href":"https:\/\/karst.sawah.mobi\/index.php?rest_route=\/wp\/v2\/types\/page"}],"author":[{"embeddable":true,"href":"https:\/\/karst.sawah.mobi\/index.php?rest_route=\/wp\/v2\/users\/1"}],"replies":[{"embeddable":true,"href":"https:\/\/karst.sawah.mobi\/index.php?rest_route=%2Fwp%2Fv2%2Fcomments&post=2233"}],"version-history":[{"count":1,"href":"https:\/\/karst.sawah.mobi\/index.php?rest_route=\/wp\/v2\/pages\/2233\/revisions"}],"predecessor-version":[{"id":2340,"href":"https:\/\/karst.sawah.mobi\/index.php?rest_route=\/wp\/v2\/pages\/2233\/revisions\/2340"}],"wp:attachment":[{"href":"https:\/\/karst.sawah.mobi\/index.php?rest_route=%2Fwp%2Fv2%2Fmedia&parent=2233"}],"curies":[{"name":"wp","href":"https:\/\/api.w.org\/{rel}","templated":true}]}}