{"id":2176,"date":"2014-06-30T13:17:01","date_gmt":"2014-06-30T11:17:01","guid":{"rendered":"https:\/\/karst.sawah.mobi\/?page_id=2176"},"modified":"2019-11-22T08:31:24","modified_gmt":"2019-11-22T07:31:24","slug":"geisselscher-garten","status":"publish","type":"page","link":"https:\/\/karst.sawah.mobi\/?page_id=2176","title":{"rendered":"Gei\u00dfelscher Garten"},"content":{"rendered":"<p><\/p>\n<p style=\"color: #666666;\">Der Gei\u00dfelsche Garten ist eine aufgegebene private Parkanlage. Inmitten der Stadt findet man hier, umflossen von der Dielen- und Rothobornpader, eine naturnahe Waldparzelle. Zu finden gibt es hier Pflanzenarten, wie sie typisch sind f\u00fcr die Buchenw\u00e4lder der Paderborner Hochfl\u00e4che. Der Hohle Lerchensporn, das Scharbockskraut, der Aronstab und der B\u00e4rlauch, um nur einige Vertreter zu nennen. Der Gei\u00dfelsche Garten erf\u00fcllt eine wichtige Funktion als Frischluftproduzent im Herzen der City.<\/p>\n<p style=\"color: #666666;\">Das Naturschutzgebiet beherbergt mehrere Naturdenkm\u00e4ler, Findlinge und eine alte Esche. Auch die Uferbereiche der Dielen- und Rothobornpader stellen f\u00fcr den Naturschutz bedeutsame Bereiche dar. Als Lebensraum f\u00fcr zahlreiche V\u00f6gel ist der Gei\u00dfelsche Garten eine Heimat.<\/p>\n<p><\/p>","protected":false},"excerpt":{"rendered":"<p>Der Gei\u00dfelsche Garten ist eine aufgegebene private Parkanlage. Inmitten der Stadt findet man hier, umflossen von der Dielen- und Rothobornpader, eine naturnahe Waldparzelle. Zu finden gibt es hier Pflanzenarten, wie sie typisch sind f\u00fcr die Buchenw\u00e4lder der Paderborner Hochfl\u00e4che. Der Hohle Lerchensporn, das Scharbockskraut, der Aronstab und der B\u00e4rlauch, um nur einige Vertreter zu nennen. [&hellip;]<\/p>\n","protected":false},"author":1,"featured_media":2111,"parent":0,"menu_order":0,"comment_status":"open","ping_status":"closed","template":"","meta":{"ngg_post_thumbnail":0},"_links":{"self":[{"href":"https:\/\/karst.sawah.mobi\/index.php?rest_route=\/wp\/v2\/pages\/2176"}],"collection":[{"href":"https:\/\/karst.sawah.mobi\/index.php?rest_route=\/wp\/v2\/pages"}],"about":[{"href":"https:\/\/karst.sawah.mobi\/index.php?rest_route=\/wp\/v2\/types\/page"}],"author":[{"embeddable":true,"href":"https:\/\/karst.sawah.mobi\/index.php?rest_route=\/wp\/v2\/users\/1"}],"replies":[{"embeddable":true,"href":"https:\/\/karst.sawah.mobi\/index.php?rest_route=%2Fwp%2Fv2%2Fcomments&post=2176"}],"version-history":[{"count":2,"href":"https:\/\/karst.sawah.mobi\/index.php?rest_route=\/wp\/v2\/pages\/2176\/revisions"}],"predecessor-version":[{"id":2221,"href":"https:\/\/karst.sawah.mobi\/index.php?rest_route=\/wp\/v2\/pages\/2176\/revisions\/2221"}],"wp:featuredmedia":[{"embeddable":true,"href":"https:\/\/karst.sawah.mobi\/index.php?rest_route=\/wp\/v2\/media\/2111"}],"wp:attachment":[{"href":"https:\/\/karst.sawah.mobi\/index.php?rest_route=%2Fwp%2Fv2%2Fmedia&parent=2176"}],"curies":[{"name":"wp","href":"https:\/\/api.w.org\/{rel}","templated":true}]}}