{"id":2155,"date":"2014-06-26T20:29:56","date_gmt":"2014-06-26T18:29:56","guid":{"rendered":"https:\/\/karst.sawah.mobi\/?page_id=2155"},"modified":"2018-10-08T09:08:30","modified_gmt":"2018-10-08T07:08:30","slug":"limberg","status":"publish","type":"page","link":"https:\/\/karst.sawah.mobi\/?page_id=2155","title":{"rendered":"Limberg"},"content":{"rendered":"<p><span style=\"color: #666666;\">Der Steilabfall an diesem Standort stellt die Stufenfront der hier vorliegenden Cenoman-Schichtstufe dar. Die Schichtstufe besteht wiederum aus zwei unterschiedlichen Schichten. Die obere Schicht bildet der Cenoman-Kalk und die darunterliegende der Cenoman-Mergel. Die M\u00e4chtigkeit der Cenoman-Schicht liegt bei ca. 150 Metern. Erdgeschichtlich ist die Schichtstufe am Limberg \u00e4lter als die Schichtstufe am Brocksberg (\u00dcbergang von Unter- zur Oberkreide). Die Entstehung\u00a0 solche Stufen liegt begr\u00fcndet in der Widerst\u00e4ndigkeit der oberen Kalkschichten gegen\u00fcber der Abtragung.<\/span><\/p>\n","protected":false},"excerpt":{"rendered":"<p>Der Steilabfall an diesem Standort stellt die Stufenfront der hier vorliegenden Cenoman-Schichtstufe dar. Die Schichtstufe besteht wiederum aus zwei unterschiedlichen Schichten. Die obere Schicht bildet der Cenoman-Kalk und die darunterliegende der Cenoman-Mergel. Die M\u00e4chtigkeit der Cenoman-Schicht liegt bei ca. 150 Metern. Erdgeschichtlich ist die Schichtstufe am Limberg \u00e4lter als die Schichtstufe am Brocksberg (\u00dcbergang von [&hellip;]<\/p>\n","protected":false},"author":1,"featured_media":2102,"parent":0,"menu_order":0,"comment_status":"open","ping_status":"open","template":"","meta":{"ngg_post_thumbnail":0},"_links":{"self":[{"href":"https:\/\/karst.sawah.mobi\/index.php?rest_route=\/wp\/v2\/pages\/2155"}],"collection":[{"href":"https:\/\/karst.sawah.mobi\/index.php?rest_route=\/wp\/v2\/pages"}],"about":[{"href":"https:\/\/karst.sawah.mobi\/index.php?rest_route=\/wp\/v2\/types\/page"}],"author":[{"embeddable":true,"href":"https:\/\/karst.sawah.mobi\/index.php?rest_route=\/wp\/v2\/users\/1"}],"replies":[{"embeddable":true,"href":"https:\/\/karst.sawah.mobi\/index.php?rest_route=%2Fwp%2Fv2%2Fcomments&post=2155"}],"version-history":[{"count":2,"href":"https:\/\/karst.sawah.mobi\/index.php?rest_route=\/wp\/v2\/pages\/2155\/revisions"}],"predecessor-version":[{"id":2223,"href":"https:\/\/karst.sawah.mobi\/index.php?rest_route=\/wp\/v2\/pages\/2155\/revisions\/2223"}],"wp:featuredmedia":[{"embeddable":true,"href":"https:\/\/karst.sawah.mobi\/index.php?rest_route=\/wp\/v2\/media\/2102"}],"wp:attachment":[{"href":"https:\/\/karst.sawah.mobi\/index.php?rest_route=%2Fwp%2Fv2%2Fmedia&parent=2155"}],"curies":[{"name":"wp","href":"https:\/\/api.w.org\/{rel}","templated":true}]}}