{"id":2117,"date":"2014-06-15T14:45:40","date_gmt":"2014-06-15T12:45:40","guid":{"rendered":"https:\/\/karst.sawah.mobi\/?page_id=2117"},"modified":"2014-06-30T14:06:21","modified_gmt":"2014-06-30T12:06:21","slug":"karst-auf-der-paderborner-hochflaeche","status":"publish","type":"page","link":"https:\/\/karst.sawah.mobi\/?page_id=2117","title":{"rendered":"Paderborner Hochfl\u00e4che"},"content":{"rendered":"<p><span style=\"color: #666666;\">\u00a0Der GPS-Pfad Paderborner Hochfl\u00e4che ist mit 53 km L\u00e4nge der l\u00e4ngste GPS-Pfad im Naturpark. Es empfiehlt sich daher, ihn entweder mit dem Fahrrad oder zu Fu\u00df in Teilst\u00fccken zu erkunden. Der Pfad ist in zwei Bereiche unterteilt: Die Paderborner Hochfl\u00e4che sowie das Quellgebiet der Pader in der Innenstadt von Paderborn. Im Vordergrund des GPS-Pfades steht das Thema \u201eKarst\u201c. Mit diesem Begriff bezeichnet man Landschaftsph\u00e4nomene, die dadurch entstehen, dass Kalksteinformationen im Erdinneren durch eindringendes Wasser fortw\u00e4hrend ver\u00e4ndert werden. Ein Karstph\u00e4nomen sind Trockent\u00e4ler wie das Naturschutzgebiet Ellerbach mit seinen artenreichen Halbtrockenrasen. Wasser f\u00fchrt das Tal nur im Winterhalbjahr oder nach starken Niederschl\u00e4gen. Eine weitere Karsterscheinung sind Bachschwinden oder Schluckl\u00f6cher, in denen Bachl\u00e4ufe in den Untergrund verschwinden und unterirdisch weiterflie\u00dfen. An den Steinbr\u00fcchen bei Schwaney, Grundsteinheim sowie am Fu\u00df des Urenberges bekommen wir einen Einblick in die Kalksteinmassen, welche den Grund der Paderborner Hochfl\u00e4che bilden. Wir sehen die tiefen Spalten und Kl\u00fcfte, die das Regenwasser in den Fels gesp\u00fclt hat und bekommen eine Ahnung davon, wie der Fels im Laufe der Zeit vom Wasser gel\u00f6st wird. Schlie\u00dflich treffen wir auf Dolinen, auch Erdf\u00e4lle genannt: Es handelt sich um trichterf\u00f6rmige Vertiefungen im Boden, die dadurch entstanden, dass ausgesp\u00fclte Hohlr\u00e4ume im Kalkgestein unter der Last der \u00fcberlagernden Schichten einbrachen. W\u00e4hrend wir auf der Paderborner Hochfl\u00e4che beobachten k\u00f6nnen, wie Oberfl\u00e4chenwasser im Erdboden verschwindet, zeigt sich im Paderquellgebiet in der Innenstadt von Paderborn das Gegenteil: Hier tritt in \u00fcber 200 Quellen das auf der Paderborner Hochfl\u00e4che im Erdboden versickerte Wasser nach einem lang Weg durch Kl\u00fcfte und unterirdische Wasserl\u00e4ufe wieder an die Oberfl\u00e4che.<\/span><\/p>","protected":false},"excerpt":{"rendered":"<p>\u00a0Der GPS-Pfad Paderborner Hochfl\u00e4che ist mit 53 km L\u00e4nge der l\u00e4ngste GPS-Pfad im Naturpark. Es empfiehlt sich daher, ihn entweder mit dem Fahrrad oder zu Fu\u00df in Teilst\u00fccken zu erkunden. Der Pfad ist in zwei Bereiche unterteilt: Die Paderborner Hochfl\u00e4che sowie das Quellgebiet der Pader in der Innenstadt von Paderborn. Im Vordergrund des GPS-Pfades steht [&hellip;]<\/p>\n","protected":false},"author":1,"featured_media":0,"parent":0,"menu_order":0,"comment_status":"open","ping_status":"open","template":"","meta":{"ngg_post_thumbnail":0},"_links":{"self":[{"href":"https:\/\/karst.sawah.mobi\/index.php?rest_route=\/wp\/v2\/pages\/2117"}],"collection":[{"href":"https:\/\/karst.sawah.mobi\/index.php?rest_route=\/wp\/v2\/pages"}],"about":[{"href":"https:\/\/karst.sawah.mobi\/index.php?rest_route=\/wp\/v2\/types\/page"}],"author":[{"embeddable":true,"href":"https:\/\/karst.sawah.mobi\/index.php?rest_route=\/wp\/v2\/users\/1"}],"replies":[{"embeddable":true,"href":"https:\/\/karst.sawah.mobi\/index.php?rest_route=%2Fwp%2Fv2%2Fcomments&post=2117"}],"version-history":[{"count":2,"href":"https:\/\/karst.sawah.mobi\/index.php?rest_route=\/wp\/v2\/pages\/2117\/revisions"}],"predecessor-version":[{"id":2134,"href":"https:\/\/karst.sawah.mobi\/index.php?rest_route=\/wp\/v2\/pages\/2117\/revisions\/2134"}],"wp:attachment":[{"href":"https:\/\/karst.sawah.mobi\/index.php?rest_route=%2Fwp%2Fv2%2Fmedia&parent=2117"}],"curies":[{"name":"wp","href":"https:\/\/api.w.org\/{rel}","templated":true}]}}