{"id":2116,"date":"2014-06-05T18:43:17","date_gmt":"2014-06-05T16:43:17","guid":{"rendered":"http:\/\/toensberg.sawah.mobi\/?page_id=2116"},"modified":"2018-10-08T09:13:48","modified_gmt":"2018-10-08T07:13:48","slug":"bildung-und-tourismus","status":"publish","type":"page","link":"https:\/\/karst.sawah.mobi\/?page_id=2116","title":{"rendered":"Bildung und Tourismus"},"content":{"rendered":"<p>Ziel der GPS-Erlebnisregion Teutoburger Wald \/ Eggegebirge ist es, sowohl Sch\u00fcler und Jugendliche als auch Urlauber und Ausflugsg\u00e4ste zukunftsweisend mit den naturr\u00e4umlichen, kulturlandschaftlichen und historischen Sch\u00e4tzen des Naturparks vertraut zu machen. Die Anwendung moderner, GPS-gest\u00fctzter Informationstechnologien motiviert besonders Jugendliche, sich intensiv mit dem \u201eErlebnis Naturpark\u201c auseinanderzusetzen. Das Konzept der GPS-Erlebnisregion beruht auf digitalen Wanderkarten f\u00fcr die GPS-Navigation im Gel\u00e4nde sowie multimedial abrufbaren Information in Text, Bild und Ton an einzelnen Erlebnispunkten.<\/p>\n<p>Neben dem motivierenden Lernerlebnis, welches die GPS-Erlebnisregion besonders f\u00fcr Schulklassen und Jugendgruppen attraktiv macht, sind die GPS-gesteuerte Orientierung im Gel\u00e4nde und die multimediale Informationsvermittlung auch f\u00fcr jeden Wanderer der optimale Weg, um den Naturpark aus ganz anderen Blickwinkeln kennenzulernen. Das Konzept der GPS-Erlebnisregion garantiert ein Maximum an Informationen f\u00fcr den Besucher, ohne das urspr\u00fcngliche Landschaftsbild mit Hinweisschildern oder Schautafeln zu beeintr\u00e4chtigen.<\/p>\n<p>Dass die GPS-Erlebnisregion von der UNESCO als offizielles Projekt der \u201eUN-Dekade Bildung f\u00fcr nachhaltige Entwicklung\u201c und vom Land NRW und der Landesanstalt f\u00fcr Medien mit dem \u201eCross-Media-Award\u201c ausgezeichnet worden ist, zeigt, in welchem Ma\u00dfe die GPS-Erlebnisregion einen wertvollen Beitrag zur Umweltbildung und Tourismusf\u00f6rderung leistet.<\/p>\n<p>Junge Menschen f\u00fcr die Natur zu begeistern ist ein besonderes Anliegen der GPS-Erlebnisregion im Naturpark Teutoburger Wald \/ Eggegebirge. Gerade durch die Verkn\u00fcpfung mit modernen Technologien wird das Naturerlebnis f\u00fcr Kinder und Jugendliche attraktiv.<\/p>\n","protected":false},"excerpt":{"rendered":"<p>Ziel der GPS-Erlebnisregion Teutoburger Wald \/ Eggegebirge ist es, sowohl Sch\u00fcler und Jugendliche als auch Urlauber und Ausflugsg\u00e4ste zukunftsweisend mit den naturr\u00e4umlichen, kulturlandschaftlichen und historischen Sch\u00e4tzen des Naturparks vertraut zu machen. Die Anwendung moderner, GPS-gest\u00fctzter Informationstechnologien motiviert besonders Jugendliche, sich intensiv mit dem \u201eErlebnis Naturpark\u201c auseinanderzusetzen. Das Konzept der GPS-Erlebnisregion beruht auf digitalen Wanderkarten f\u00fcr [&hellip;]<\/p>\n","protected":false},"author":1,"featured_media":0,"parent":0,"menu_order":0,"comment_status":"open","ping_status":"open","template":"","meta":{"ngg_post_thumbnail":0},"_links":{"self":[{"href":"https:\/\/karst.sawah.mobi\/index.php?rest_route=\/wp\/v2\/pages\/2116"}],"collection":[{"href":"https:\/\/karst.sawah.mobi\/index.php?rest_route=\/wp\/v2\/pages"}],"about":[{"href":"https:\/\/karst.sawah.mobi\/index.php?rest_route=\/wp\/v2\/types\/page"}],"author":[{"embeddable":true,"href":"https:\/\/karst.sawah.mobi\/index.php?rest_route=\/wp\/v2\/users\/1"}],"replies":[{"embeddable":true,"href":"https:\/\/karst.sawah.mobi\/index.php?rest_route=%2Fwp%2Fv2%2Fcomments&post=2116"}],"version-history":[{"count":1,"href":"https:\/\/karst.sawah.mobi\/index.php?rest_route=\/wp\/v2\/pages\/2116\/revisions"}],"predecessor-version":[{"id":2226,"href":"https:\/\/karst.sawah.mobi\/index.php?rest_route=\/wp\/v2\/pages\/2116\/revisions\/2226"}],"wp:attachment":[{"href":"https:\/\/karst.sawah.mobi\/index.php?rest_route=%2Fwp%2Fv2%2Fmedia&parent=2116"}],"curies":[{"name":"wp","href":"https:\/\/api.w.org\/{rel}","templated":true}]}}